{"id":11218,"date":"2025-11-08T08:32:54","date_gmt":"2025-11-08T07:32:54","guid":{"rendered":"http:\/\/masagrupo.com\/?page_id=11218"},"modified":"2025-11-09T13:51:21","modified_gmt":"2025-11-09T12:51:21","slug":"avis-juridique","status":"publish","type":"page","link":"https:\/\/masagrupo.com\/fr\/aviso-legal\/","title":{"rendered":"Avis juridique"},"content":{"rendered":"<div class=\"fusion-fullwidth fullwidth-box fusion-builder-row-1 fusion-flex-container has-pattern-background has-mask-background nonhundred-percent-fullwidth non-hundred-percent-height-scrolling\" style=\"--awb-border-radius-top-left:0px;--awb-border-radius-top-right:0px;--awb-border-radius-bottom-right:0px;--awb-border-radius-bottom-left:0px;--awb-margin-top:150px;--awb-flex-wrap:wrap;\" ><div class=\"fusion-builder-row fusion-row fusion-flex-align-items-flex-start fusion-flex-content-wrap\" style=\"max-width:1248px;margin-left: calc(-4% \/ 2 );margin-right: calc(-4% \/ 2 );\"><div class=\"fusion-layout-column fusion_builder_column fusion-builder-column-0 fusion_builder_column_1_1 1_1 fusion-flex-column\" style=\"--awb-bg-size:cover;--awb-width-large:100%;--awb-margin-top-large:0px;--awb-spacing-right-large:1.92%;--awb-margin-bottom-large:20px;--awb-spacing-left-large:1.92%;--awb-width-medium:100%;--awb-order-medium:0;--awb-spacing-right-medium:1.92%;--awb-spacing-left-medium:1.92%;--awb-width-small:100%;--awb-order-small:0;--awb-spacing-right-small:1.92%;--awb-spacing-left-small:1.92%;\"><div class=\"fusion-column-wrapper fusion-column-has-shadow fusion-flex-justify-content-flex-start fusion-content-layout-column\"><div class=\"fusion-title title fusion-title-1 fusion-sep-none fusion-title-text fusion-title-size-one\"><h1 class=\"fusion-title-heading title-heading-left\" style=\"margin:0;\">Avis juridique<\/h1><\/div><div class=\"fusion-text fusion-text-1\"><p>L'\u00e9diteur de ce site web est la soci\u00e9t\u00e9 MANTENIMIENTO Y MONTAJES INDUSTRIALES, S.A., dont le si\u00e8ge social est situ\u00e9 Camino V\u00eda de los Poblados, 9 - 11, Edificio C, 6\u00ba, Madrid (28033), avec le num\u00e9ro d'identification fiscale A08432338, inscrite au Registre du Commerce de Madrid, folio 101, Tome 17 679, Livre 0, Section 8\u00aa, Page M304 379. Vous pouvez contacter l'\u00e9diteur soit \u00e0 l'adresse postale indiqu\u00e9e, soit par courrier \u00e9lectronique <a href=\"mailto:contacto@masagrupo.com\">contacto@masagrupo.com<\/a>.<\/p>\n<\/div><\/div><\/div><\/div><\/div>","protected":false},"excerpt":{"rendered":"","protected":false},"author":2,"featured_media":0,"parent":0,"menu_order":0,"comment_status":"closed","ping_status":"closed","template":"100-width.php","meta":{"footnotes":""},"class_list":["post-11218","page","type-page","status-publish","hentry"],"yoast_head":"<!-- This site is optimized with the Yoast SEO plugin v27.4 - https:\/\/yoast.com\/product\/yoast-seo-wordpress\/ -->\n<title>Aviso legal - Grupo Masa<\/title>\n<meta name=\"robots\" content=\"index, follow, max-snippet:-1, max-image-preview:large, max-video-preview:-1\" \/>\n<link rel=\"canonical\" href=\"https:\/\/masagrupo.com\/fr\/avis-juridique\/\" \/>\n<meta property=\"og:locale\" content=\"fr_FR\" \/>\n<meta property=\"og:type\" content=\"article\" \/>\n<meta property=\"og:title\" content=\"Aviso legal - Grupo Masa\" \/>\n<meta property=\"og:url\" content=\"https:\/\/masagrupo.com\/fr\/avis-juridique\/\" \/>\n<meta property=\"og:site_name\" content=\"Grupo Masa\" \/>\n<meta property=\"article:modified_time\" content=\"2025-11-09T12:51:21+00:00\" \/>\n<meta name=\"twitter:card\" content=\"summary_large_image\" \/>\n<meta name=\"twitter:label1\" content=\"Est. reading time\" \/>\n\t<meta name=\"twitter:data1\" content=\"1 minute\" \/>\n<script type=\"application\/ld+json\" class=\"yoast-schema-graph\">{\"@context\":\"https:\\\/\\\/schema.org\",\"@graph\":[{\"@type\":\"WebPage\",\"@id\":\"https:\\\/\\\/masagrupo.com\\\/aviso-legal\\\/\",\"url\":\"https:\\\/\\\/masagrupo.com\\\/aviso-legal\\\/\",\"name\":\"Aviso legal - Grupo Masa\",\"isPartOf\":{\"@id\":\"https:\\\/\\\/masagrupo.com\\\/#website\"},\"datePublished\":\"2025-11-08T07:32:54+00:00\",\"dateModified\":\"2025-11-09T12:51:21+00:00\",\"breadcrumb\":{\"@id\":\"https:\\\/\\\/masagrupo.com\\\/aviso-legal\\\/#breadcrumb\"},\"inLanguage\":\"fr-FR\",\"potentialAction\":[{\"@type\":\"ReadAction\",\"target\":[\"https:\\\/\\\/masagrupo.com\\\/aviso-legal\\\/\"]}]},{\"@type\":\"BreadcrumbList\",\"@id\":\"https:\\\/\\\/masagrupo.com\\\/aviso-legal\\\/#breadcrumb\",\"itemListElement\":[{\"@type\":\"ListItem\",\"position\":1,\"name\":\"Portada\",\"item\":\"https:\\\/\\\/masagrupo.com\\\/\"},{\"@type\":\"ListItem\",\"position\":2,\"name\":\"Aviso legal\"}]},{\"@type\":\"WebSite\",\"@id\":\"https:\\\/\\\/masagrupo.com\\\/#website\",\"url\":\"https:\\\/\\\/masagrupo.com\\\/\",\"name\":\"Grupo Masa\",\"description\":\"MASA es una empresa del Grupo ACS\",\"potentialAction\":[{\"@type\":\"SearchAction\",\"target\":{\"@type\":\"EntryPoint\",\"urlTemplate\":\"https:\\\/\\\/masagrupo.com\\\/?s={search_term_string}\"},\"query-input\":{\"@type\":\"PropertyValueSpecification\",\"valueRequired\":true,\"valueName\":\"search_term_string\"}}],\"inLanguage\":\"fr-FR\"}]}<\/script>\n<!-- \/ Yoast SEO plugin. -->","yoast_head_json":{"title":"Avis juridique - Grupo Masa","robots":{"index":"index","follow":"follow","max-snippet":"max-snippet:-1","max-image-preview":"max-image-preview:large","max-video-preview":"max-video-preview:-1"},"canonical":"https:\/\/masagrupo.com\/fr\/avis-juridique\/","og_locale":"fr_FR","og_type":"article","og_title":"Aviso legal - Grupo Masa","og_url":"https:\/\/masagrupo.com\/fr\/avis-juridique\/","og_site_name":"Grupo Masa","article_modified_time":"2025-11-09T12:51:21+00:00","twitter_card":"summary_large_image","twitter_misc":{"Est. reading time":"1 minute"},"schema":{"@context":"https:\/\/schema.org","@graph":[{"@type":"WebPage","@id":"https:\/\/masagrupo.com\/aviso-legal\/","url":"https:\/\/masagrupo.com\/aviso-legal\/","name":"Avis juridique - Grupo Masa","isPartOf":{"@id":"https:\/\/masagrupo.com\/#website"},"datePublished":"2025-11-08T07:32:54+00:00","dateModified":"2025-11-09T12:51:21+00:00","breadcrumb":{"@id":"https:\/\/masagrupo.com\/aviso-legal\/#breadcrumb"},"inLanguage":"fr-FR","potentialAction":[{"@type":"ReadAction","target":["https:\/\/masagrupo.com\/aviso-legal\/"]}]},{"@type":"BreadcrumbList","@id":"https:\/\/masagrupo.com\/aviso-legal\/#breadcrumb","itemListElement":[{"@type":"ListItem","position":1,"name":"Portada","item":"https:\/\/masagrupo.com\/"},{"@type":"ListItem","position":2,"name":"Aviso legal"}]},{"@type":"WebSite","@id":"https:\/\/masagrupo.com\/#website","url":"https:\/\/masagrupo.com\/","name":"Groupe Masa","description":"MASA est une soci\u00e9t\u00e9 du groupe ACS","potentialAction":[{"@type":"SearchAction","target":{"@type":"EntryPoint","urlTemplate":"https:\/\/masagrupo.com\/?s={search_term_string}"},"query-input":{"@type":"PropertyValueSpecification","valueRequired":true,"valueName":"search_term_string"}}],"inLanguage":"fr-FR"}]}},"_links":{"self":[{"href":"https:\/\/masagrupo.com\/fr\/wp-json\/wp\/v2\/pages\/11218","targetHints":{"allow":["GET"]}}],"collection":[{"href":"https:\/\/masagrupo.com\/fr\/wp-json\/wp\/v2\/pages"}],"about":[{"href":"https:\/\/masagrupo.com\/fr\/wp-json\/wp\/v2\/types\/page"}],"author":[{"embeddable":true,"href":"https:\/\/masagrupo.com\/fr\/wp-json\/wp\/v2\/users\/2"}],"replies":[{"embeddable":true,"href":"https:\/\/masagrupo.com\/fr\/wp-json\/wp\/v2\/comments?post=11218"}],"version-history":[{"count":4,"href":"https:\/\/masagrupo.com\/fr\/wp-json\/wp\/v2\/pages\/11218\/revisions"}],"predecessor-version":[{"id":11340,"href":"https:\/\/masagrupo.com\/fr\/wp-json\/wp\/v2\/pages\/11218\/revisions\/11340"}],"wp:attachment":[{"href":"https:\/\/masagrupo.com\/fr\/wp-json\/wp\/v2\/media?parent=11218"}],"curies":[{"name":"wp","href":"https:\/\/api.w.org\/{rel}","templated":true}]}}